{"id":1348,"date":"2019-02-19T13:56:06","date_gmt":"2019-02-19T18:56:06","guid":{"rendered":"https:\/\/www.minigrange.ca\/a-propos\/"},"modified":"2025-04-16T09:02:48","modified_gmt":"2025-04-16T13:02:48","slug":"about-us","status":"publish","type":"page","link":"https:\/\/www.minigrange.ca\/en\/about-us\/","title":{"rendered":"About us"},"content":{"rendered":"","protected":false},"excerpt":{"rendered":"","protected":false},"author":1,"featured_media":0,"parent":0,"menu_order":1,"comment_status":"closed","ping_status":"closed","template":"page-templates\/apropos.php","meta":{"_acf_changed":false,"footnotes":""},"class_list":["post-1348","page","type-page","status-publish","hentry"],"acf":[],"yoast_head":"<!-- This site is optimized with the Yoast SEO plugin v27.3 - https:\/\/yoast.com\/product\/yoast-seo-wordpress\/ -->\n<title>About us - MiniGrange<\/title>\n<meta name=\"description\" content=\"Mini-Grange est une entreprise familiale qui refl\u00e8te l&#039;exp\u00e9rience et la comp\u00e9tence. Une \u00e9quipe \u00e0 l&#039;\u00e9coute des besoins de ses clients.\" \/>\n<meta name=\"robots\" content=\"index, follow, max-snippet:-1, max-image-preview:large, max-video-preview:-1\" \/>\n<link rel=\"canonical\" href=\"https:\/\/www.minigrange.ca\/en\/about-us\/\" \/>\n<meta property=\"og:locale\" content=\"en_US\" \/>\n<meta property=\"og:type\" content=\"article\" \/>\n<meta property=\"og:title\" content=\"About us - MiniGrange\" \/>\n<meta property=\"og:description\" content=\"Mini-Grange est une entreprise familiale qui refl\u00e8te l&#039;exp\u00e9rience et la comp\u00e9tence. Une \u00e9quipe \u00e0 l&#039;\u00e9coute des besoins de ses clients.\" \/>\n<meta property=\"og:url\" content=\"https:\/\/www.minigrange.ca\/en\/about-us\/\" \/>\n<meta property=\"og:site_name\" content=\"MiniGrange\" \/>\n<meta property=\"article:publisher\" content=\"https:\/\/www.facebook.com\/Mini-Grange-2384162801594791\/\" \/>\n<meta property=\"article:modified_time\" content=\"2025-04-16T13:02:48+00:00\" \/>\n<meta property=\"og:image\" content=\"https:\/\/www.minigrange.ca\/wp-content\/uploads\/2024\/02\/1600x1000_Logo-final_4-couleurs.png\" \/>\n\t<meta property=\"og:image:width\" content=\"1600\" \/>\n\t<meta property=\"og:image:height\" content=\"1000\" \/>\n\t<meta property=\"og:image:type\" content=\"image\/png\" \/>\n<meta name=\"twitter:card\" content=\"summary_large_image\" \/>\n<meta name=\"twitter:site\" content=\"@Mini_Granges\" \/>\n<script type=\"application\/ld+json\" class=\"yoast-schema-graph\">{\"@context\":\"https:\\\/\\\/schema.org\",\"@graph\":[{\"@type\":\"WebPage\",\"@id\":\"https:\\\/\\\/www.minigrange.ca\\\/en\\\/about-us\\\/\",\"url\":\"https:\\\/\\\/www.minigrange.ca\\\/en\\\/about-us\\\/\",\"name\":\"About us - MiniGrange\",\"isPartOf\":{\"@id\":\"https:\\\/\\\/www.minigrange.ca\\\/#website\"},\"datePublished\":\"2019-02-19T18:56:06+00:00\",\"dateModified\":\"2025-04-16T13:02:48+00:00\",\"description\":\"Mini-Grange est une entreprise familiale qui refl\u00e8te l'exp\u00e9rience et la comp\u00e9tence. Une \u00e9quipe \u00e0 l'\u00e9coute des besoins de ses clients.\",\"breadcrumb\":{\"@id\":\"https:\\\/\\\/www.minigrange.ca\\\/en\\\/about-us\\\/#breadcrumb\"},\"inLanguage\":\"en-US\",\"potentialAction\":[{\"@type\":\"ReadAction\",\"target\":[\"https:\\\/\\\/www.minigrange.ca\\\/en\\\/about-us\\\/\"]}]},{\"@type\":\"BreadcrumbList\",\"@id\":\"https:\\\/\\\/www.minigrange.ca\\\/en\\\/about-us\\\/#breadcrumb\",\"itemListElement\":[{\"@type\":\"ListItem\",\"position\":1,\"name\":\"Accueil\",\"item\":\"https:\\\/\\\/www.minigrange.ca\\\/en\\\/\"},{\"@type\":\"ListItem\",\"position\":2,\"name\":\"About us\"}]},{\"@type\":\"WebSite\",\"@id\":\"https:\\\/\\\/www.minigrange.ca\\\/#website\",\"url\":\"https:\\\/\\\/www.minigrange.ca\\\/\",\"name\":\"MiniGrange\",\"description\":\"Producer of sheds\",\"publisher\":{\"@id\":\"https:\\\/\\\/www.minigrange.ca\\\/#organization\"},\"potentialAction\":[{\"@type\":\"SearchAction\",\"target\":{\"@type\":\"EntryPoint\",\"urlTemplate\":\"https:\\\/\\\/www.minigrange.ca\\\/?s={search_term_string}\"},\"query-input\":{\"@type\":\"PropertyValueSpecification\",\"valueRequired\":true,\"valueName\":\"search_term_string\"}}],\"inLanguage\":\"en-US\"},{\"@type\":\"Organization\",\"@id\":\"https:\\\/\\\/www.minigrange.ca\\\/#organization\",\"name\":\"MiniGrange\",\"url\":\"https:\\\/\\\/www.minigrange.ca\\\/\",\"logo\":{\"@type\":\"ImageObject\",\"inLanguage\":\"en-US\",\"@id\":\"https:\\\/\\\/www.minigrange.ca\\\/#\\\/schema\\\/logo\\\/image\\\/\",\"url\":\"https:\\\/\\\/www.minigrange.ca\\\/wp-content\\\/uploads\\\/2019\\\/03\\\/bot-logo.png\",\"contentUrl\":\"https:\\\/\\\/www.minigrange.ca\\\/wp-content\\\/uploads\\\/2019\\\/03\\\/bot-logo.png\",\"width\":196,\"height\":128,\"caption\":\"MiniGrange\"},\"image\":{\"@id\":\"https:\\\/\\\/www.minigrange.ca\\\/#\\\/schema\\\/logo\\\/image\\\/\"},\"sameAs\":[\"https:\\\/\\\/www.facebook.com\\\/Mini-Grange-2384162801594791\\\/\",\"https:\\\/\\\/x.com\\\/Mini_Granges\",\"https:\\\/\\\/www.instagram.com\\\/minigrange\\\/\"]}]}<\/script>\n<!-- \/ Yoast SEO plugin. -->","yoast_head_json":{"title":"About us - MiniGrange","description":"Mini-Grange est une entreprise familiale qui refl\u00e8te l'exp\u00e9rience et la comp\u00e9tence. Une \u00e9quipe \u00e0 l'\u00e9coute des besoins de ses clients.","robots":{"index":"index","follow":"follow","max-snippet":"max-snippet:-1","max-image-preview":"max-image-preview:large","max-video-preview":"max-video-preview:-1"},"canonical":"https:\/\/www.minigrange.ca\/en\/about-us\/","og_locale":"en_US","og_type":"article","og_title":"About us - MiniGrange","og_description":"Mini-Grange est une entreprise familiale qui refl\u00e8te l'exp\u00e9rience et la comp\u00e9tence. Une \u00e9quipe \u00e0 l'\u00e9coute des besoins de ses clients.","og_url":"https:\/\/www.minigrange.ca\/en\/about-us\/","og_site_name":"MiniGrange","article_publisher":"https:\/\/www.facebook.com\/Mini-Grange-2384162801594791\/","article_modified_time":"2025-04-16T13:02:48+00:00","og_image":[{"width":1600,"height":1000,"url":"https:\/\/www.minigrange.ca\/wp-content\/uploads\/2024\/02\/1600x1000_Logo-final_4-couleurs.png","type":"image\/png"}],"twitter_card":"summary_large_image","twitter_site":"@Mini_Granges","schema":{"@context":"https:\/\/schema.org","@graph":[{"@type":"WebPage","@id":"https:\/\/www.minigrange.ca\/en\/about-us\/","url":"https:\/\/www.minigrange.ca\/en\/about-us\/","name":"About us - MiniGrange","isPartOf":{"@id":"https:\/\/www.minigrange.ca\/#website"},"datePublished":"2019-02-19T18:56:06+00:00","dateModified":"2025-04-16T13:02:48+00:00","description":"Mini-Grange est une entreprise familiale qui refl\u00e8te l'exp\u00e9rience et la comp\u00e9tence. Une \u00e9quipe \u00e0 l'\u00e9coute des besoins de ses clients.","breadcrumb":{"@id":"https:\/\/www.minigrange.ca\/en\/about-us\/#breadcrumb"},"inLanguage":"en-US","potentialAction":[{"@type":"ReadAction","target":["https:\/\/www.minigrange.ca\/en\/about-us\/"]}]},{"@type":"BreadcrumbList","@id":"https:\/\/www.minigrange.ca\/en\/about-us\/#breadcrumb","itemListElement":[{"@type":"ListItem","position":1,"name":"Accueil","item":"https:\/\/www.minigrange.ca\/en\/"},{"@type":"ListItem","position":2,"name":"About us"}]},{"@type":"WebSite","@id":"https:\/\/www.minigrange.ca\/#website","url":"https:\/\/www.minigrange.ca\/","name":"MiniGrange","description":"Producer of sheds","publisher":{"@id":"https:\/\/www.minigrange.ca\/#organization"},"potentialAction":[{"@type":"SearchAction","target":{"@type":"EntryPoint","urlTemplate":"https:\/\/www.minigrange.ca\/?s={search_term_string}"},"query-input":{"@type":"PropertyValueSpecification","valueRequired":true,"valueName":"search_term_string"}}],"inLanguage":"en-US"},{"@type":"Organization","@id":"https:\/\/www.minigrange.ca\/#organization","name":"MiniGrange","url":"https:\/\/www.minigrange.ca\/","logo":{"@type":"ImageObject","inLanguage":"en-US","@id":"https:\/\/www.minigrange.ca\/#\/schema\/logo\/image\/","url":"https:\/\/www.minigrange.ca\/wp-content\/uploads\/2019\/03\/bot-logo.png","contentUrl":"https:\/\/www.minigrange.ca\/wp-content\/uploads\/2019\/03\/bot-logo.png","width":196,"height":128,"caption":"MiniGrange"},"image":{"@id":"https:\/\/www.minigrange.ca\/#\/schema\/logo\/image\/"},"sameAs":["https:\/\/www.facebook.com\/Mini-Grange-2384162801594791\/","https:\/\/x.com\/Mini_Granges","https:\/\/www.instagram.com\/minigrange\/"]}]}},"_links":{"self":[{"href":"https:\/\/www.minigrange.ca\/en\/wp-json\/wp\/v2\/pages\/1348","targetHints":{"allow":["GET"]}}],"collection":[{"href":"https:\/\/www.minigrange.ca\/en\/wp-json\/wp\/v2\/pages"}],"about":[{"href":"https:\/\/www.minigrange.ca\/en\/wp-json\/wp\/v2\/types\/page"}],"author":[{"embeddable":true,"href":"https:\/\/www.minigrange.ca\/en\/wp-json\/wp\/v2\/users\/1"}],"replies":[{"embeddable":true,"href":"https:\/\/www.minigrange.ca\/en\/wp-json\/wp\/v2\/comments?post=1348"}],"version-history":[{"count":8,"href":"https:\/\/www.minigrange.ca\/en\/wp-json\/wp\/v2\/pages\/1348\/revisions"}],"predecessor-version":[{"id":2374,"href":"https:\/\/www.minigrange.ca\/en\/wp-json\/wp\/v2\/pages\/1348\/revisions\/2374"}],"wp:attachment":[{"href":"https:\/\/www.minigrange.ca\/en\/wp-json\/wp\/v2\/media?parent=1348"}],"curies":[{"name":"wp","href":"https:\/\/api.w.org\/{rel}","templated":true}]}}